{"id":7774,"date":"2024-09-12T18:46:10","date_gmt":"2024-09-12T18:46:10","guid":{"rendered":"https:\/\/puhali.ee\/the-sun-valley\/"},"modified":"2024-11-05T08:34:41","modified_gmt":"2024-11-05T08:34:41","slug":"puhali-holy-place","status":"publish","type":"page","link":"https:\/\/puhali.ee\/en\/body-and-mind\/puhali-holy-place\/","title":{"rendered":"P\u00fchali holy place"},"content":{"rendered":"\t\t<div data-elementor-type=\"wp-page\" data-elementor-id=\"7774\" class=\"elementor elementor-7774 elementor-4795\" data-elementor-post-type=\"page\">\n\t\t\t\t\t\t<section class=\"elementor-section elementor-top-section elementor-element elementor-element-801451a elementor-section-height-min-height cs-section-content-fullwidth cs-parallax-on-scroll cs_scroll_y_80 elementor-section-boxed elementor-section-height-default elementor-section-items-middle\" data-id=\"801451a\" data-element_type=\"section\" data-e-type=\"section\" data-settings=\"{&quot;background_background&quot;:&quot;classic&quot;}\" data-cs-parallax-y=\"80\" style=\"background-image: none;\" data-cs-background-image=\"https:\/\/puhali.ee\/wp-content\/uploads\/2024\/09\/Puhali-hiis-keha-ja-vaim-3.jpg\">\n\t\t\t\t\t\t\t<div class=\"elementor-background-overlay\"><\/div>\n\t\t\t\t\t\t\t<div class=\"elementor-container elementor-column-gap-no\">\n\t\t\t\t\t<div class=\"elementor-column elementor-col-100 elementor-top-column elementor-element elementor-element-7844eab dark-color\" data-id=\"7844eab\" data-element_type=\"column\" data-e-type=\"column\">\n\t\t\t<div class=\"elementor-widget-wrap elementor-element-populated\">\n\t\t\t\t\t\t<div class=\"elementor-element elementor-element-b753ce4 elementor-hidden-mobile elementor-widget elementor-widget-cs_title\" data-id=\"b753ce4\" data-element_type=\"widget\" data-e-type=\"widget\" data-widget_type=\"cs_title.default\">\n\t\t\t\t<div class=\"elementor-widget-container\">\n\t\t\t\t\t\n        <div class=\"cs-title-wrap text-center\">\t            <h1 class=\"cs-title\">\n\t                The Sun Valley\t            <\/h1>        <\/div>\t\t\t\t<\/div>\n\t\t\t\t<\/div>\n\t\t\t\t\t<\/div>\n\t\t<\/div>\n\t\t\t\t\t<\/div>\n\t\t<\/section>\n\t\t\t\t<section class=\"elementor-section elementor-top-section elementor-element elementor-element-7894f24 elementor-section-boxed elementor-section-height-default elementor-section-height-default\" data-id=\"7894f24\" data-element_type=\"section\" data-e-type=\"section\" data-settings=\"{&quot;background_background&quot;:&quot;classic&quot;}\">\n\t\t\t\t\t\t<div class=\"elementor-container elementor-column-gap-no\">\n\t\t\t\t\t<div class=\"elementor-column elementor-col-50 elementor-top-column elementor-element elementor-element-5ac2bb3\" data-id=\"5ac2bb3\" data-element_type=\"column\" data-e-type=\"column\">\n\t\t\t<div class=\"elementor-widget-wrap elementor-element-populated\">\n\t\t\t\t\t\t<div class=\"elementor-element elementor-element-55a55fe elementor-widget elementor-widget-cs_title\" data-id=\"55a55fe\" data-element_type=\"widget\" data-e-type=\"widget\" data-widget_type=\"cs_title.default\">\n\t\t\t\t<div class=\"elementor-widget-container\">\n\t\t\t\t\t\n        <div class=\"cs-title-wrap\">\t            <h2 class=\"cs-title\">\n\t                The Sacred Coal is planted to join forces with ancestors and with each other.\t            <\/h2>\t            <div class=\"cs-title-text\">\n\t                <p><span data-sheets-root=\"1\">Urmas S\u00f5\u00f5rumaa, the initiator and creator of the sacred Hiie, says: &#8220;Just as the Hiie evolves over time, I too had the knowledge to create such a common circle through years of planting trees. <br> It&#8217;s easy to identify with a tree &#8211; you have the roots and you have the crown, you are the trunk, the link between different generations. When you get to know these trees, they all have their own character, just like people. A tree is one of the means of contact with ancestors.    <br>The Sunflower will be planted on 15 May 2021.   <\/span><\/p>\n<p>P\u00fchali Hiis is located next to the P\u00fchali Wellness Center. All are welcome to walk, reflect and be in the Hiis. <\/p>\t            <\/div>        <\/div>\t\t\t\t<\/div>\n\t\t\t\t<\/div>\n\t\t<div class=\"elementor-element elementor-element-3bf23c6 e-grid e-con-boxed e-con e-parent\" data-id=\"3bf23c6\" data-element_type=\"container\" data-e-type=\"container\">\n\t\t\t\t\t<div class=\"e-con-inner\">\n\t\t\t\t<div class=\"elementor-element elementor-element-0e214db elementor-align-justify elementor-widget elementor-widget-cs_button\" data-id=\"0e214db\" data-element_type=\"widget\" data-e-type=\"widget\" data-widget_type=\"cs_button.default\">\n\t\t\t\t<div class=\"elementor-widget-container\">\n\t\t\t\t\t        <a class=\"button cs-btn-color-primary\" role=\"button\">\n            <span class=\"cs-btn-text\">Write to us<\/span>        <\/a>\t\t\t\t<\/div>\n\t\t\t\t<\/div>\n\t\t\t\t\t<\/div>\n\t\t\t\t<\/div>\n\t\t\t\t\t<\/div>\n\t\t<\/div>\n\t\t\t\t<div class=\"elementor-column elementor-col-50 elementor-top-column elementor-element elementor-element-a7be728\" data-id=\"a7be728\" data-element_type=\"column\" data-e-type=\"column\">\n\t\t\t<div class=\"elementor-widget-wrap elementor-element-populated\">\n\t\t\t\t\t\t<div class=\"elementor-element elementor-element-ab4bc60 elementor-widget elementor-widget-image\" data-id=\"ab4bc60\" data-element_type=\"widget\" data-e-type=\"widget\" data-widget_type=\"image.default\">\n\t\t\t\t<div class=\"elementor-widget-container\">\n\t\t\t\t\t\t\t\t\t\t\t\t\t\t\t\t<a href=\"https:\/\/puhali.ee\/wp-content\/uploads\/2024\/09\/Puhali-hiis-keha-ja-vaim-4.jpg\" data-elementor-open-lightbox=\"yes\" data-elementor-lightbox-title=\"Pu\u0308hali-hiis-keha-ja-vaim-4\" data-e-action-hash=\"#elementor-action%3Aaction%3Dlightbox%26settings%3DeyJpZCI6NjY4NSwidXJsIjoiaHR0cHM6XC9cL3B1aGFsaS5lZVwvd3AtY29udGVudFwvdXBsb2Fkc1wvMjAyNFwvMDlcL1B1aGFsaS1oaWlzLWtlaGEtamEtdmFpbS00LmpwZyJ9\">\n\t\t\t\t\t\t\t<img fetchpriority=\"high\" decoding=\"async\" width=\"750\" height=\"1000\" src=\"https:\/\/puhali.ee\/wp-content\/uploads\/2024\/09\/Puhali-hiis-keha-ja-vaim-4.jpg\" class=\"attachment-large size-large wp-image-6685\" alt=\"Pu\u0308hali-hiis-keha-ja-vaim-4\" srcset=\"https:\/\/puhali.ee\/wp-content\/uploads\/2024\/09\/Puhali-hiis-keha-ja-vaim-4.jpg 750w, https:\/\/puhali.ee\/wp-content\/uploads\/2024\/09\/Puhali-hiis-keha-ja-vaim-4-225x300.jpg 225w, https:\/\/puhali.ee\/wp-content\/uploads\/2024\/09\/Puhali-hiis-keha-ja-vaim-4-600x800.jpg 600w, https:\/\/puhali.ee\/wp-content\/uploads\/2024\/09\/Puhali-hiis-keha-ja-vaim-4-550x733.jpg 550w, https:\/\/puhali.ee\/wp-content\/uploads\/2024\/09\/Puhali-hiis-keha-ja-vaim-4-370x493.jpg 370w, https:\/\/puhali.ee\/wp-content\/uploads\/2024\/09\/Puhali-hiis-keha-ja-vaim-4-255x340.jpg 255w, https:\/\/puhali.ee\/wp-content\/uploads\/2024\/09\/Puhali-hiis-keha-ja-vaim-4-113x150.jpg 113w\" sizes=\"(max-width: 750px) 100vw, 750px\" \/>\t\t\t\t\t\t\t\t<\/a>\n\t\t\t\t\t\t\t\t\t\t\t\t\t\t\t<\/div>\n\t\t\t\t<\/div>\n\t\t\t\t\t<\/div>\n\t\t<\/div>\n\t\t\t\t\t<\/div>\n\t\t<\/section>\n\t\t\t\t<section class=\"elementor-section elementor-top-section elementor-element elementor-element-3213123 elementor-section-boxed elementor-section-height-default elementor-section-height-default\" data-id=\"3213123\" data-element_type=\"section\" data-e-type=\"section\">\n\t\t\t\t\t\t<div class=\"elementor-container elementor-column-gap-no\">\n\t\t\t\t\t<div class=\"elementor-column elementor-col-100 elementor-top-column elementor-element elementor-element-258f013\" data-id=\"258f013\" data-element_type=\"column\" data-e-type=\"column\">\n\t\t\t<div class=\"elementor-widget-wrap elementor-element-populated\">\n\t\t\t\t\t\t<div class=\"elementor-element elementor-element-a475579 elementor-widget elementor-widget-cs_gallery\" data-id=\"a475579\" data-element_type=\"widget\" data-e-type=\"widget\" data-widget_type=\"cs_gallery.default\">\n\t\t\t\t<div class=\"elementor-widget-container\">\n\t\t\t\t\t\n            <div class=\"cs-gallery gap-5 gallery-grid grid-col-3\">\n                <div class=\"cs-gallery-wrap\">                    <div class=\"cs-gallery-item\"><img decoding=\"async\" width=\"636\" height=\"474\" src=\"https:\/\/puhali.ee\/wp-content\/uploads\/2024\/09\/Puhali-hiis-puhali-hea-elu-keskus-5.jpg\" class=\"attachment-full size-full wp-image-4880\" alt=\"Pu\u0308hali-hiis-pu\u0308hali-hea-elu-keskus-5\" srcset=\"https:\/\/puhali.ee\/wp-content\/uploads\/2024\/09\/Puhali-hiis-puhali-hea-elu-keskus-5.jpg 636w, https:\/\/puhali.ee\/wp-content\/uploads\/2024\/09\/Puhali-hiis-puhali-hea-elu-keskus-5-300x224.jpg 300w, https:\/\/puhali.ee\/wp-content\/uploads\/2024\/09\/Puhali-hiis-puhali-hea-elu-keskus-5-600x447.jpg 600w, https:\/\/puhali.ee\/wp-content\/uploads\/2024\/09\/Puhali-hiis-puhali-hea-elu-keskus-5-550x410.jpg 550w, https:\/\/puhali.ee\/wp-content\/uploads\/2024\/09\/Puhali-hiis-puhali-hea-elu-keskus-5-370x276.jpg 370w, https:\/\/puhali.ee\/wp-content\/uploads\/2024\/09\/Puhali-hiis-puhali-hea-elu-keskus-5-255x190.jpg 255w, https:\/\/puhali.ee\/wp-content\/uploads\/2024\/09\/Puhali-hiis-puhali-hea-elu-keskus-5-150x112.jpg 150w\" sizes=\"(max-width: 636px) 100vw, 636px\" \/>                    <\/div>                    <div class=\"cs-gallery-item\"><img decoding=\"async\" width=\"636\" height=\"474\" src=\"https:\/\/puhali.ee\/wp-content\/uploads\/2024\/09\/Puhali-hiis-puhali-hea-elu-keskus-4.jpg\" class=\"attachment-full size-full wp-image-4879\" alt=\"Pu\u0308hali-hiis-pu\u0308hali-hea-elu-keskus-4\" srcset=\"https:\/\/puhali.ee\/wp-content\/uploads\/2024\/09\/Puhali-hiis-puhali-hea-elu-keskus-4.jpg 636w, https:\/\/puhali.ee\/wp-content\/uploads\/2024\/09\/Puhali-hiis-puhali-hea-elu-keskus-4-300x224.jpg 300w, https:\/\/puhali.ee\/wp-content\/uploads\/2024\/09\/Puhali-hiis-puhali-hea-elu-keskus-4-600x447.jpg 600w, https:\/\/puhali.ee\/wp-content\/uploads\/2024\/09\/Puhali-hiis-puhali-hea-elu-keskus-4-550x410.jpg 550w, https:\/\/puhali.ee\/wp-content\/uploads\/2024\/09\/Puhali-hiis-puhali-hea-elu-keskus-4-370x276.jpg 370w, https:\/\/puhali.ee\/wp-content\/uploads\/2024\/09\/Puhali-hiis-puhali-hea-elu-keskus-4-255x190.jpg 255w, https:\/\/puhali.ee\/wp-content\/uploads\/2024\/09\/Puhali-hiis-puhali-hea-elu-keskus-4-150x112.jpg 150w\" sizes=\"(max-width: 636px) 100vw, 636px\" \/>                    <\/div>                    <div class=\"cs-gallery-item\"><img loading=\"lazy\" decoding=\"async\" width=\"636\" height=\"474\" src=\"https:\/\/puhali.ee\/wp-content\/uploads\/2024\/09\/Puhali-hiis-puhali-hea-elu-keskus-6.jpg\" class=\"attachment-full size-full wp-image-4881\" alt=\"Pu\u0308hali-hiis-pu\u0308hali-hea-elu-keskus-6\" srcset=\"https:\/\/puhali.ee\/wp-content\/uploads\/2024\/09\/Puhali-hiis-puhali-hea-elu-keskus-6.jpg 636w, https:\/\/puhali.ee\/wp-content\/uploads\/2024\/09\/Puhali-hiis-puhali-hea-elu-keskus-6-300x224.jpg 300w, https:\/\/puhali.ee\/wp-content\/uploads\/2024\/09\/Puhali-hiis-puhali-hea-elu-keskus-6-600x447.jpg 600w, https:\/\/puhali.ee\/wp-content\/uploads\/2024\/09\/Puhali-hiis-puhali-hea-elu-keskus-6-550x410.jpg 550w, https:\/\/puhali.ee\/wp-content\/uploads\/2024\/09\/Puhali-hiis-puhali-hea-elu-keskus-6-370x276.jpg 370w, https:\/\/puhali.ee\/wp-content\/uploads\/2024\/09\/Puhali-hiis-puhali-hea-elu-keskus-6-255x190.jpg 255w, https:\/\/puhali.ee\/wp-content\/uploads\/2024\/09\/Puhali-hiis-puhali-hea-elu-keskus-6-150x112.jpg 150w\" sizes=\"(max-width: 636px) 100vw, 636px\" \/>                    <\/div>                    <div class=\"cs-gallery-item\"><img loading=\"lazy\" decoding=\"async\" width=\"1000\" height=\"563\" src=\"https:\/\/puhali.ee\/wp-content\/uploads\/2024\/09\/Puhali-hiis-keha-ja-vaim-1.jpg\" class=\"attachment-full size-full wp-image-6678\" alt=\"Pu\u0308hali-hiis-keha-ja-vaim-1\" srcset=\"https:\/\/puhali.ee\/wp-content\/uploads\/2024\/09\/Puhali-hiis-keha-ja-vaim-1.jpg 1000w, https:\/\/puhali.ee\/wp-content\/uploads\/2024\/09\/Puhali-hiis-keha-ja-vaim-1-300x169.jpg 300w, https:\/\/puhali.ee\/wp-content\/uploads\/2024\/09\/Puhali-hiis-keha-ja-vaim-1-768x432.jpg 768w, https:\/\/puhali.ee\/wp-content\/uploads\/2024\/09\/Puhali-hiis-keha-ja-vaim-1-780x439.jpg 780w, https:\/\/puhali.ee\/wp-content\/uploads\/2024\/09\/Puhali-hiis-keha-ja-vaim-1-600x338.jpg 600w, https:\/\/puhali.ee\/wp-content\/uploads\/2024\/09\/Puhali-hiis-keha-ja-vaim-1-550x310.jpg 550w, https:\/\/puhali.ee\/wp-content\/uploads\/2024\/09\/Puhali-hiis-keha-ja-vaim-1-370x208.jpg 370w, https:\/\/puhali.ee\/wp-content\/uploads\/2024\/09\/Puhali-hiis-keha-ja-vaim-1-255x144.jpg 255w, https:\/\/puhali.ee\/wp-content\/uploads\/2024\/09\/Puhali-hiis-keha-ja-vaim-1-150x84.jpg 150w\" sizes=\"(max-width: 1000px) 100vw, 1000px\" \/>                    <\/div>                    <div class=\"cs-gallery-item\"><img loading=\"lazy\" decoding=\"async\" width=\"1000\" height=\"596\" src=\"https:\/\/puhali.ee\/wp-content\/uploads\/2024\/09\/Puhali-hiis-keha-ja-vaim-2.jpg\" class=\"attachment-full size-full wp-image-6680\" alt=\"Pu\u0308hali-hiis-keha-ja-vaim-2\" srcset=\"https:\/\/puhali.ee\/wp-content\/uploads\/2024\/09\/Puhali-hiis-keha-ja-vaim-2.jpg 1000w, https:\/\/puhali.ee\/wp-content\/uploads\/2024\/09\/Puhali-hiis-keha-ja-vaim-2-300x179.jpg 300w, https:\/\/puhali.ee\/wp-content\/uploads\/2024\/09\/Puhali-hiis-keha-ja-vaim-2-768x458.jpg 768w, https:\/\/puhali.ee\/wp-content\/uploads\/2024\/09\/Puhali-hiis-keha-ja-vaim-2-780x465.jpg 780w, https:\/\/puhali.ee\/wp-content\/uploads\/2024\/09\/Puhali-hiis-keha-ja-vaim-2-600x358.jpg 600w, https:\/\/puhali.ee\/wp-content\/uploads\/2024\/09\/Puhali-hiis-keha-ja-vaim-2-550x328.jpg 550w, https:\/\/puhali.ee\/wp-content\/uploads\/2024\/09\/Puhali-hiis-keha-ja-vaim-2-370x221.jpg 370w, https:\/\/puhali.ee\/wp-content\/uploads\/2024\/09\/Puhali-hiis-keha-ja-vaim-2-255x152.jpg 255w, https:\/\/puhali.ee\/wp-content\/uploads\/2024\/09\/Puhali-hiis-keha-ja-vaim-2-150x89.jpg 150w\" sizes=\"(max-width: 1000px) 100vw, 1000px\" \/>                    <\/div>                    <div class=\"cs-gallery-item\"><img loading=\"lazy\" decoding=\"async\" width=\"1000\" height=\"667\" src=\"https:\/\/puhali.ee\/wp-content\/uploads\/2024\/09\/Puhali-hiis-keha-ja-vaim-5.jpg\" class=\"attachment-full size-full wp-image-6686\" alt=\"Pu\u0308hali-hiis-keha-ja-vaim-5\" srcset=\"https:\/\/puhali.ee\/wp-content\/uploads\/2024\/09\/Puhali-hiis-keha-ja-vaim-5.jpg 1000w, https:\/\/puhali.ee\/wp-content\/uploads\/2024\/09\/Puhali-hiis-keha-ja-vaim-5-300x200.jpg 300w, https:\/\/puhali.ee\/wp-content\/uploads\/2024\/09\/Puhali-hiis-keha-ja-vaim-5-768x512.jpg 768w, https:\/\/puhali.ee\/wp-content\/uploads\/2024\/09\/Puhali-hiis-keha-ja-vaim-5-780x520.jpg 780w, https:\/\/puhali.ee\/wp-content\/uploads\/2024\/09\/Puhali-hiis-keha-ja-vaim-5-600x400.jpg 600w, https:\/\/puhali.ee\/wp-content\/uploads\/2024\/09\/Puhali-hiis-keha-ja-vaim-5-550x367.jpg 550w, https:\/\/puhali.ee\/wp-content\/uploads\/2024\/09\/Puhali-hiis-keha-ja-vaim-5-370x247.jpg 370w, https:\/\/puhali.ee\/wp-content\/uploads\/2024\/09\/Puhali-hiis-keha-ja-vaim-5-255x170.jpg 255w, https:\/\/puhali.ee\/wp-content\/uploads\/2024\/09\/Puhali-hiis-keha-ja-vaim-5-150x100.jpg 150w\" sizes=\"(max-width: 1000px) 100vw, 1000px\" \/>                    <\/div>                <\/div>\n            <\/div>\t\t\t\t<\/div>\n\t\t\t\t<\/div>\n\t\t\t\t\t<\/div>\n\t\t<\/div>\n\t\t\t\t\t<\/div>\n\t\t<\/section>\n\t\t\t\t<\/div>\n\t\t","protected":false},"excerpt":{"rendered":"<p>The Sun Valley The Sacred Coal is planted to join forces with ancestors and with each other. Urmas S\u00f5\u00f5rumaa, the initiator and creator of the sacred Hiie, says: &#8220;Just as the Hiie evolves over time, I too had the knowledge to create such a common circle through years of planting trees. It&#8217;s easy to identify &#8230;<\/p>\n","protected":false},"author":2,"featured_media":0,"parent":7803,"menu_order":0,"comment_status":"closed","ping_status":"closed","template":"template-wide-content.php","meta":{"cozystay_single_page_hide_site_header":"","cozystay_single_page_site_header_source":"","cozystay_single_page_custom_site_header":"","cozystay_single_page_custom_sticky_site_header":"","cozystay_single_page_hide_page_title":"on","cozystay_single_page_header_section_size":"","cozystay_single_page_header_background_color":"","cozystay_single_page_header_background_position_x":"center","cozystay_single_page_header_background_position_y":"center","cozystay_single_page_header_background_size":"cover","cozystay_single_page_header_background_repeat":"off","cozystay_single_page_header_background_scroll":"on","cozystay_single_page_header_text_color":"","cozystay_single_page_header_show_breadcrumb":"","cozystay_single_page_site_footer_hide_main":"","cozystay_single_custom_site_footer_main_source":"","cozystay_single_custom_site_footer_main":"","cozystay_single_page_site_footer_hide_above":"","cozystay_single_custom_site_footer_above_source":"","cozystay_single_custom_site_footer_above":"","cozystay_single_page_site_footer_hide_instagram":"","cozystay_single_page_site_footer_hide_bottom":"","cozystay_single_custom_mobile_menu_source":"","cozystay_single_custom_mobile_menu":"","cozystay_single_custom_mobile_menu_animation":"","cozystay_single_custom_mobile_menu_width":"","cozystay_single_custom_mobile_menu_custom_width":375,"footnotes":""},"class_list":["post-7774","page","type-page","status-publish","hentry"],"yoast_head":"<!-- This site is optimized with the Yoast SEO Premium plugin v23.6 (Yoast SEO v27.5) - https:\/\/yoast.com\/product\/yoast-seo-premium-wordpress\/ -->\n<title>P\u00fchali holy place - P&uuml;hali<\/title>\n<meta name=\"description\" content=\"P\u00fchali Hiis is located next to the P\u00fchali Good Life Centre. All are welcome to walk, reflect and be in the Hiis. Find out more!\" \/>\n<meta name=\"robots\" content=\"index, follow, max-snippet:-1, max-image-preview:large, max-video-preview:-1\" \/>\n<link rel=\"canonical\" href=\"https:\/\/puhali.ee\/en\/body-and-mind\/puhali-holy-place\/\" \/>\n<meta property=\"og:locale\" content=\"en_US\" \/>\n<meta property=\"og:type\" content=\"article\" \/>\n<meta property=\"og:title\" content=\"P\u00fchali holy place\" \/>\n<meta property=\"og:description\" content=\"P\u00fchali Hiis is located next to the P\u00fchali Good Life Centre. All are welcome to walk, reflect and be in the Hiis. Find out more!\" \/>\n<meta property=\"og:url\" content=\"https:\/\/puhali.ee\/en\/body-and-mind\/puhali-holy-place\/\" \/>\n<meta property=\"og:site_name\" content=\"P&uuml;hali\" \/>\n<meta property=\"article:publisher\" content=\"https:\/\/www.facebook.com\/puhali\" \/>\n<meta property=\"article:modified_time\" content=\"2024-11-05T08:34:41+00:00\" \/>\n<meta property=\"og:image\" content=\"https:\/\/puhali.ee\/wp-content\/uploads\/2024\/09\/Puhali-hiis-keha-ja-vaim-4.jpg\" \/>\n\t<meta property=\"og:image:width\" content=\"750\" \/>\n\t<meta property=\"og:image:height\" content=\"1000\" \/>\n\t<meta property=\"og:image:type\" content=\"image\/jpeg\" \/>\n<meta name=\"twitter:card\" content=\"summary_large_image\" \/>\n<meta name=\"twitter:label1\" content=\"Est. reading time\" \/>\n\t<meta name=\"twitter:data1\" content=\"2 minutes\" \/>\n<script type=\"application\/ld+json\" class=\"yoast-schema-graph\">{\"@context\":\"https:\\\/\\\/schema.org\",\"@graph\":[{\"@type\":\"WebPage\",\"@id\":\"https:\\\/\\\/puhali.ee\\\/en\\\/body-and-mind\\\/puhali-holy-place\\\/\",\"url\":\"https:\\\/\\\/puhali.ee\\\/en\\\/body-and-mind\\\/puhali-holy-place\\\/\",\"name\":\"P\u00fchali holy place - P&uuml;hali\",\"isPartOf\":{\"@id\":\"https:\\\/\\\/puhali.ee\\\/en\\\/#website\"},\"primaryImageOfPage\":{\"@id\":\"https:\\\/\\\/puhali.ee\\\/en\\\/body-and-mind\\\/puhali-holy-place\\\/#primaryimage\"},\"image\":{\"@id\":\"https:\\\/\\\/puhali.ee\\\/en\\\/body-and-mind\\\/puhali-holy-place\\\/#primaryimage\"},\"thumbnailUrl\":\"https:\\\/\\\/puhali.ee\\\/wp-content\\\/uploads\\\/2024\\\/09\\\/Puhali-hiis-keha-ja-vaim-4.jpg\",\"datePublished\":\"2024-09-12T18:46:10+00:00\",\"dateModified\":\"2024-11-05T08:34:41+00:00\",\"description\":\"P\u00fchali Hiis is located next to the P\u00fchali Good Life Centre. All are welcome to walk, reflect and be in the Hiis. Find out more!\",\"breadcrumb\":{\"@id\":\"https:\\\/\\\/puhali.ee\\\/en\\\/body-and-mind\\\/puhali-holy-place\\\/#breadcrumb\"},\"inLanguage\":\"en-US\",\"potentialAction\":[{\"@type\":\"ReadAction\",\"target\":[\"https:\\\/\\\/puhali.ee\\\/en\\\/body-and-mind\\\/puhali-holy-place\\\/\"]}]},{\"@type\":\"ImageObject\",\"inLanguage\":\"en-US\",\"@id\":\"https:\\\/\\\/puhali.ee\\\/en\\\/body-and-mind\\\/puhali-holy-place\\\/#primaryimage\",\"url\":\"https:\\\/\\\/puhali.ee\\\/wp-content\\\/uploads\\\/2024\\\/09\\\/Puhali-hiis-keha-ja-vaim-4.jpg\",\"contentUrl\":\"https:\\\/\\\/puhali.ee\\\/wp-content\\\/uploads\\\/2024\\\/09\\\/Puhali-hiis-keha-ja-vaim-4.jpg\"},{\"@type\":\"BreadcrumbList\",\"@id\":\"https:\\\/\\\/puhali.ee\\\/en\\\/body-and-mind\\\/puhali-holy-place\\\/#breadcrumb\",\"itemListElement\":[{\"@type\":\"ListItem\",\"position\":1,\"name\":\"Home\",\"item\":\"https:\\\/\\\/puhali.ee\\\/en\\\/\"},{\"@type\":\"ListItem\",\"position\":2,\"name\":\"Body and mind\",\"item\":\"https:\\\/\\\/puhali.ee\\\/en\\\/body-and-mind\\\/\"},{\"@type\":\"ListItem\",\"position\":3,\"name\":\"P\u00fchali holy place\"}]},{\"@type\":\"WebSite\",\"@id\":\"https:\\\/\\\/puhali.ee\\\/en\\\/#website\",\"url\":\"https:\\\/\\\/puhali.ee\\\/en\\\/\",\"name\":\"P\u00fchali\",\"description\":\"Hea Elu keskus\",\"publisher\":{\"@id\":\"https:\\\/\\\/puhali.ee\\\/en\\\/#organization\"},\"potentialAction\":[{\"@type\":\"SearchAction\",\"target\":{\"@type\":\"EntryPoint\",\"urlTemplate\":\"https:\\\/\\\/puhali.ee\\\/en\\\/?s={search_term_string}\"},\"query-input\":{\"@type\":\"PropertyValueSpecification\",\"valueRequired\":true,\"valueName\":\"search_term_string\"}}],\"inLanguage\":\"en-US\"},{\"@type\":\"Organization\",\"@id\":\"https:\\\/\\\/puhali.ee\\\/en\\\/#organization\",\"name\":\"P\u00fchali\",\"url\":\"https:\\\/\\\/puhali.ee\\\/en\\\/\",\"logo\":{\"@type\":\"ImageObject\",\"inLanguage\":\"en-US\",\"@id\":\"https:\\\/\\\/puhali.ee\\\/en\\\/#\\\/schema\\\/logo\\\/image\\\/\",\"url\":\"https:\\\/\\\/puhali.ee\\\/wp-content\\\/uploads\\\/2024\\\/07\\\/Puhali-logo.png\",\"contentUrl\":\"https:\\\/\\\/puhali.ee\\\/wp-content\\\/uploads\\\/2024\\\/07\\\/Puhali-logo.png\",\"width\":373,\"height\":405,\"caption\":\"P\u00fchali\"},\"image\":{\"@id\":\"https:\\\/\\\/puhali.ee\\\/en\\\/#\\\/schema\\\/logo\\\/image\\\/\"},\"sameAs\":[\"https:\\\/\\\/www.facebook.com\\\/puhali\"]}]}<\/script>\n<!-- \/ Yoast SEO Premium plugin. -->","yoast_head_json":{"title":"P\u00fchali holy place - P&uuml;hali","description":"P\u00fchali Hiis is located next to the P\u00fchali Good Life Centre. All are welcome to walk, reflect and be in the Hiis. Find out more!","robots":{"index":"index","follow":"follow","max-snippet":"max-snippet:-1","max-image-preview":"max-image-preview:large","max-video-preview":"max-video-preview:-1"},"canonical":"https:\/\/puhali.ee\/en\/body-and-mind\/puhali-holy-place\/","og_locale":"en_US","og_type":"article","og_title":"P\u00fchali holy place","og_description":"P\u00fchali Hiis is located next to the P\u00fchali Good Life Centre. All are welcome to walk, reflect and be in the Hiis. Find out more!","og_url":"https:\/\/puhali.ee\/en\/body-and-mind\/puhali-holy-place\/","og_site_name":"P&uuml;hali","article_publisher":"https:\/\/www.facebook.com\/puhali","article_modified_time":"2024-11-05T08:34:41+00:00","og_image":[{"width":750,"height":1000,"url":"https:\/\/puhali.ee\/wp-content\/uploads\/2024\/09\/Puhali-hiis-keha-ja-vaim-4.jpg","type":"image\/jpeg"}],"twitter_card":"summary_large_image","twitter_misc":{"Est. reading time":"2 minutes"},"schema":{"@context":"https:\/\/schema.org","@graph":[{"@type":"WebPage","@id":"https:\/\/puhali.ee\/en\/body-and-mind\/puhali-holy-place\/","url":"https:\/\/puhali.ee\/en\/body-and-mind\/puhali-holy-place\/","name":"P\u00fchali holy place - P&uuml;hali","isPartOf":{"@id":"https:\/\/puhali.ee\/en\/#website"},"primaryImageOfPage":{"@id":"https:\/\/puhali.ee\/en\/body-and-mind\/puhali-holy-place\/#primaryimage"},"image":{"@id":"https:\/\/puhali.ee\/en\/body-and-mind\/puhali-holy-place\/#primaryimage"},"thumbnailUrl":"https:\/\/puhali.ee\/wp-content\/uploads\/2024\/09\/Puhali-hiis-keha-ja-vaim-4.jpg","datePublished":"2024-09-12T18:46:10+00:00","dateModified":"2024-11-05T08:34:41+00:00","description":"P\u00fchali Hiis is located next to the P\u00fchali Good Life Centre. All are welcome to walk, reflect and be in the Hiis. Find out more!","breadcrumb":{"@id":"https:\/\/puhali.ee\/en\/body-and-mind\/puhali-holy-place\/#breadcrumb"},"inLanguage":"en-US","potentialAction":[{"@type":"ReadAction","target":["https:\/\/puhali.ee\/en\/body-and-mind\/puhali-holy-place\/"]}]},{"@type":"ImageObject","inLanguage":"en-US","@id":"https:\/\/puhali.ee\/en\/body-and-mind\/puhali-holy-place\/#primaryimage","url":"https:\/\/puhali.ee\/wp-content\/uploads\/2024\/09\/Puhali-hiis-keha-ja-vaim-4.jpg","contentUrl":"https:\/\/puhali.ee\/wp-content\/uploads\/2024\/09\/Puhali-hiis-keha-ja-vaim-4.jpg"},{"@type":"BreadcrumbList","@id":"https:\/\/puhali.ee\/en\/body-and-mind\/puhali-holy-place\/#breadcrumb","itemListElement":[{"@type":"ListItem","position":1,"name":"Home","item":"https:\/\/puhali.ee\/en\/"},{"@type":"ListItem","position":2,"name":"Body and mind","item":"https:\/\/puhali.ee\/en\/body-and-mind\/"},{"@type":"ListItem","position":3,"name":"P\u00fchali holy place"}]},{"@type":"WebSite","@id":"https:\/\/puhali.ee\/en\/#website","url":"https:\/\/puhali.ee\/en\/","name":"P\u00fchali","description":"Hea Elu keskus","publisher":{"@id":"https:\/\/puhali.ee\/en\/#organization"},"potentialAction":[{"@type":"SearchAction","target":{"@type":"EntryPoint","urlTemplate":"https:\/\/puhali.ee\/en\/?s={search_term_string}"},"query-input":{"@type":"PropertyValueSpecification","valueRequired":true,"valueName":"search_term_string"}}],"inLanguage":"en-US"},{"@type":"Organization","@id":"https:\/\/puhali.ee\/en\/#organization","name":"P\u00fchali","url":"https:\/\/puhali.ee\/en\/","logo":{"@type":"ImageObject","inLanguage":"en-US","@id":"https:\/\/puhali.ee\/en\/#\/schema\/logo\/image\/","url":"https:\/\/puhali.ee\/wp-content\/uploads\/2024\/07\/Puhali-logo.png","contentUrl":"https:\/\/puhali.ee\/wp-content\/uploads\/2024\/07\/Puhali-logo.png","width":373,"height":405,"caption":"P\u00fchali"},"image":{"@id":"https:\/\/puhali.ee\/en\/#\/schema\/logo\/image\/"},"sameAs":["https:\/\/www.facebook.com\/puhali"]}]}},"_links":{"self":[{"href":"https:\/\/puhali.ee\/en\/wp-json\/wp\/v2\/pages\/7774","targetHints":{"allow":["GET"]}}],"collection":[{"href":"https:\/\/puhali.ee\/en\/wp-json\/wp\/v2\/pages"}],"about":[{"href":"https:\/\/puhali.ee\/en\/wp-json\/wp\/v2\/types\/page"}],"author":[{"embeddable":true,"href":"https:\/\/puhali.ee\/en\/wp-json\/wp\/v2\/users\/2"}],"replies":[{"embeddable":true,"href":"https:\/\/puhali.ee\/en\/wp-json\/wp\/v2\/comments?post=7774"}],"version-history":[{"count":9,"href":"https:\/\/puhali.ee\/en\/wp-json\/wp\/v2\/pages\/7774\/revisions"}],"predecessor-version":[{"id":8279,"href":"https:\/\/puhali.ee\/en\/wp-json\/wp\/v2\/pages\/7774\/revisions\/8279"}],"up":[{"embeddable":true,"href":"https:\/\/puhali.ee\/en\/wp-json\/wp\/v2\/pages\/7803"}],"wp:attachment":[{"href":"https:\/\/puhali.ee\/en\/wp-json\/wp\/v2\/media?parent=7774"}],"curies":[{"name":"wp","href":"https:\/\/api.w.org\/{rel}","templated":true}]}}