{"id":7766,"date":"2024-06-17T09:37:21","date_gmt":"2024-06-17T09:37:21","guid":{"rendered":"https:\/\/puhali.ee\/catering\/"},"modified":"2024-11-04T15:20:39","modified_gmt":"2024-11-04T15:20:39","slug":"catering","status":"publish","type":"page","link":"https:\/\/puhali.ee\/en\/catering\/","title":{"rendered":"Catering"},"content":{"rendered":"\t\t<div data-elementor-type=\"wp-page\" data-elementor-id=\"7766\" class=\"elementor elementor-7766 elementor-2936\" data-elementor-post-type=\"page\">\n\t\t\t\t\t\t<section class=\"elementor-section elementor-top-section elementor-element elementor-element-b94fb64 elementor-section-height-min-height cs-section-content-fullwidth cs-parallax-on-scroll cs_scroll_y_80 elementor-section-boxed elementor-section-height-default elementor-section-items-middle\" data-id=\"b94fb64\" data-element_type=\"section\" data-e-type=\"section\" data-settings=\"{&quot;background_background&quot;:&quot;classic&quot;}\" data-cs-parallax-y=\"80\" style=\"background-image: none;\" data-cs-background-image=\"https:\/\/puhali.ee\/wp-content\/uploads\/2024\/09\/catering-Bagua-puhali-hea-elu-keskus.jpg\">\n\t\t\t\t\t\t\t<div class=\"elementor-background-overlay\"><\/div>\n\t\t\t\t\t\t\t<div class=\"elementor-container elementor-column-gap-no\">\n\t\t\t\t\t<div class=\"elementor-column elementor-col-100 elementor-top-column elementor-element elementor-element-d9c1d37 dark-color\" data-id=\"d9c1d37\" data-element_type=\"column\" data-e-type=\"column\">\n\t\t\t<div class=\"elementor-widget-wrap elementor-element-populated\">\n\t\t\t\t\t\t<div class=\"elementor-element elementor-element-e31f8fa elementor-hidden-mobile elementor-widget elementor-widget-cs_title\" data-id=\"e31f8fa\" data-element_type=\"widget\" data-e-type=\"widget\" data-widget_type=\"cs_title.default\">\n\t\t\t\t<div class=\"elementor-widget-container\">\n\t\t\t\t\t\n        <div class=\"cs-title-wrap text-center\">\t            <div class=\"cs-subtitle-wrap\"><span class=\"cs-subtitle color-white\">P\u00fchali<\/span><\/div>\t            <h1 class=\"cs-title\">\n\t                Catering\t            <\/h1>        <\/div>\t\t\t\t<\/div>\n\t\t\t\t<\/div>\n\t\t\t\t\t<\/div>\n\t\t<\/div>\n\t\t\t\t\t<\/div>\n\t\t<\/section>\n\t\t\t\t<section class=\"elementor-section elementor-top-section elementor-element elementor-element-a821375 elementor-section-full_width elementor-section-content-middle animated-slow elementor-section-height-default elementor-section-height-default elementor-invisible\" data-id=\"a821375\" data-element_type=\"section\" data-e-type=\"section\" data-settings=\"{&quot;background_background&quot;:&quot;classic&quot;,&quot;animation&quot;:&quot;fadeIn&quot;,&quot;animation_delay&quot;:150}\">\n\t\t\t\t\t\t<div class=\"elementor-container elementor-column-gap-no\">\n\t\t\t\t\t<div class=\"elementor-column elementor-col-66 elementor-top-column elementor-element elementor-element-373b86a\" data-id=\"373b86a\" data-element_type=\"column\" data-e-type=\"column\">\n\t\t\t<div class=\"elementor-widget-wrap elementor-element-populated\">\n\t\t\t\t\t\t<div class=\"elementor-element elementor-element-3e53123 elementor-widget elementor-widget-cs_title\" data-id=\"3e53123\" data-element_type=\"widget\" data-e-type=\"widget\" data-widget_type=\"cs_title.default\">\n\t\t\t\t<div class=\"elementor-widget-container\">\n\t\t\t\t\t\n        <div class=\"cs-title-wrap text-left\">\t            <h2 class=\"cs-title\">\n\t                P\u00fchali catering\t            <\/h2>\t            <div class=\"cs-title-text\">\n\t                <p><span data-sheets-root=\"1\">Looking for a professional, high quality and reliable catering service? <br \/> P\u00fchali Catering is P\u00fchali Good Life Centre&#8217;s own catering service, with the on-site ability to create the best result for your event. <br \/>We also work with Sedrik Catering and Jahh Catering. <br \/>Ask for a quote for your event: <strong>catering@puhali.ee<\/strong> <\/span><\/p>\n\t            <\/div>        <\/div>\t\t\t\t<\/div>\n\t\t\t\t<\/div>\n\t\t\t\t\t<\/div>\n\t\t<\/div>\n\t\t\t\t<div class=\"elementor-column elementor-col-33 elementor-top-column elementor-element elementor-element-bc633e9\" data-id=\"bc633e9\" data-element_type=\"column\" data-e-type=\"column\" data-settings=\"{&quot;background_background&quot;:&quot;classic&quot;}\">\n\t\t\t<div class=\"elementor-widget-wrap elementor-element-populated\">\n\t\t\t\t\t\t<section class=\"elementor-section elementor-inner-section elementor-element elementor-element-ff711c2 elementor-section-boxed elementor-section-height-default elementor-section-height-default\" data-id=\"ff711c2\" data-element_type=\"section\" data-e-type=\"section\">\n\t\t\t\t\t\t<div class=\"elementor-container elementor-column-gap-no\">\n\t\t\t\t\t<div class=\"elementor-column elementor-col-100 elementor-inner-column elementor-element elementor-element-944b728\" data-id=\"944b728\" data-element_type=\"column\" data-e-type=\"column\" data-settings=\"{&quot;background_background&quot;:&quot;classic&quot;}\">\n\t\t\t<div class=\"elementor-widget-wrap elementor-element-populated\">\n\t\t\t\t\t\t<div class=\"elementor-element elementor-element-bd4a49b elementor-widget elementor-widget-cs_title\" data-id=\"bd4a49b\" data-element_type=\"widget\" data-e-type=\"widget\" data-widget_type=\"cs_title.default\">\n\t\t\t\t<div class=\"elementor-widget-container\">\n\t\t\t\t\t\n        <div class=\"cs-title-wrap text-left\">\t            <h6 class=\"cs-title\">\n\t                Contact\t            <\/h6>        <\/div>\t\t\t\t<\/div>\n\t\t\t\t<\/div>\n\t\t\t\t<div class=\"elementor-element elementor-element-2266158 elementor-widget elementor-widget-cs_list\" data-id=\"2266158\" data-element_type=\"widget\" data-e-type=\"widget\" data-widget_type=\"cs_list.default\">\n\t\t\t\t<div class=\"elementor-widget-container\">\n\t\t\t\t\t\n            <ul class=\"cs-list cs-list-type-unordered\">                <li>                        <span class=\"list-icon color-primary\">\n                            <svg aria-hidden=\"true\" class=\"e-font-icon-svg e-fas-circle\" viewBox=\"0 0 512 512\" xmlns=\"http:\/\/www.w3.org\/2000\/svg\"><path d=\"M256 8C119 8 8 119 8 256s111 248 248 248 248-111 248-248S393 8 256 8z\"><\/path><\/svg>                        <\/span>                    <span class=\"list-content\">Telephone: 5590 8800<\/span>                        <a class=\"list-link\" href=\"tel:55908800\"><\/a>                <\/li>                <li>                        <span class=\"list-icon color-primary\">\n                            <svg aria-hidden=\"true\" class=\"e-font-icon-svg e-fas-circle\" viewBox=\"0 0 512 512\" xmlns=\"http:\/\/www.w3.org\/2000\/svg\"><path d=\"M256 8C119 8 8 119 8 256s111 248 248 248 248-111 248-248S393 8 256 8z\"><\/path><\/svg>                        <\/span>                    <span class=\"list-content\">E-mail: catering@puhali.ee<\/span>                        <a class=\"list-link\" href=\"mailto:catering@puhali.ee\"><\/a>                <\/li>            <\/ul>\t\t\t\t<\/div>\n\t\t\t\t<\/div>\n\t\t\t\t<div class=\"elementor-element elementor-element-9287010 elementor-position-inline-start elementor-mobile-position-inline-start elementor-view-default elementor-widget elementor-widget-icon-box\" data-id=\"9287010\" data-element_type=\"widget\" data-e-type=\"widget\" data-widget_type=\"icon-box.default\">\n\t\t\t\t<div class=\"elementor-widget-container\">\n\t\t\t\t\t\t\t<div class=\"elementor-icon-box-wrapper\">\n\n\t\t\t\t\t\t<div class=\"elementor-icon-box-icon\">\n\t\t\t\t<span  class=\"elementor-icon\">\n\t\t\t\t<svg aria-hidden=\"true\" class=\"e-font-icon-svg e-fas-phone-alt\" viewBox=\"0 0 512 512\" xmlns=\"http:\/\/www.w3.org\/2000\/svg\"><path d=\"M497.39 361.8l-112-48a24 24 0 0 0-28 6.9l-49.6 60.6A370.66 370.66 0 0 1 130.6 204.11l60.6-49.6a23.94 23.94 0 0 0 6.9-28l-48-112A24.16 24.16 0 0 0 122.6.61l-104 24A24 24 0 0 0 0 48c0 256.5 207.9 464 464 464a24 24 0 0 0 23.4-18.6l24-104a24.29 24.29 0 0 0-14.01-27.6z\"><\/path><\/svg>\t\t\t\t<\/span>\n\t\t\t<\/div>\n\t\t\t\n\t\t\t\t\t\t<div class=\"elementor-icon-box-content\">\n\n\t\t\t\t\t\t\t\t\t<div class=\"elementor-icon-box-title\">\n\t\t\t\t\t\t<span  >\n\t\t\t\t\t\t\tCall us\t\t\t\t\t\t<\/span>\n\t\t\t\t\t<\/div>\n\t\t\t\t\n\t\t\t\t\t\t\t\t\t<p class=\"elementor-icon-box-description\">\n\t\t\t\t\t\t<a href=\"tel:55908800\">5590 8800<\/a>\t\t\t\t\t<\/p>\n\t\t\t\t\n\t\t\t<\/div>\n\t\t\t\n\t\t<\/div>\n\t\t\t\t\t\t<\/div>\n\t\t\t\t<\/div>\n\t\t\t\t\t<\/div>\n\t\t<\/div>\n\t\t\t\t\t<\/div>\n\t\t<\/section>\n\t\t\t\t\t<\/div>\n\t\t<\/div>\n\t\t\t\t\t<\/div>\n\t\t<\/section>\n\t\t\t\t<section class=\"elementor-section elementor-top-section elementor-element elementor-element-f725ac4 elementor-section-full_width animated-slow elementor-section-height-default elementor-section-height-default elementor-invisible\" data-id=\"f725ac4\" data-element_type=\"section\" data-e-type=\"section\" data-settings=\"{&quot;background_background&quot;:&quot;classic&quot;,&quot;animation&quot;:&quot;fadeIn&quot;,&quot;animation_delay&quot;:150}\">\n\t\t\t\t\t\t<div class=\"elementor-container elementor-column-gap-no\">\n\t\t\t\t\t<div class=\"elementor-column elementor-col-100 elementor-top-column elementor-element elementor-element-5c09fda\" data-id=\"5c09fda\" data-element_type=\"column\" data-e-type=\"column\">\n\t\t\t<div class=\"elementor-widget-wrap elementor-element-populated\">\n\t\t\t\t\t\t<div class=\"elementor-element elementor-element-5553078 elementor-widget elementor-widget-cs_gallery\" data-id=\"5553078\" data-element_type=\"widget\" data-e-type=\"widget\" data-widget_type=\"cs_gallery.default\">\n\t\t\t\t<div class=\"elementor-widget-container\">\n\t\t\t\t\t\n            <div class=\"cs-gallery gap-0 gallery-grid grid-col-3\">\n                <div class=\"cs-gallery-wrap\">                    <div class=\"cs-gallery-item\">                            <a href=\"https:\/\/puhali.ee\/wp-content\/uploads\/2024\/09\/catering-puhali-hea-elu-keskus-3.jpeg\" data-elementor-open-lightbox=\"yes\" data-elementor-lightbox-slideshow=\"5553078\" data-elementor-lightbox-title=\"catering-pu\u0308hali-hea-elu-keskus-3\" data-e-action-hash=\"#elementor-action%3Aaction%3Dlightbox%26settings%3DeyJpZCI6NjcxOCwidXJsIjoiaHR0cHM6XC9cL3B1aGFsaS5lZVwvd3AtY29udGVudFwvdXBsb2Fkc1wvMjAyNFwvMDlcL2NhdGVyaW5nLXB1aGFsaS1oZWEtZWx1LWtlc2t1cy0zLmpwZWciLCJzbGlkZXNob3ciOiI1NTUzMDc4In0%3D\"><img fetchpriority=\"high\" decoding=\"async\" width=\"780\" height=\"445\" src=\"https:\/\/puhali.ee\/wp-content\/uploads\/2024\/09\/catering-puhali-hea-elu-keskus-3-780x445.jpeg\" class=\"attachment-cozystay_780x9999 size-cozystay_780x9999 wp-image-6718\" alt=\"catering-pu\u0308hali-hea-elu-keskus-3\" srcset=\"https:\/\/puhali.ee\/wp-content\/uploads\/2024\/09\/catering-puhali-hea-elu-keskus-3-780x445.jpeg 780w, https:\/\/puhali.ee\/wp-content\/uploads\/2024\/09\/catering-puhali-hea-elu-keskus-3-300x171.jpeg 300w, https:\/\/puhali.ee\/wp-content\/uploads\/2024\/09\/catering-puhali-hea-elu-keskus-3-768x439.jpeg 768w, https:\/\/puhali.ee\/wp-content\/uploads\/2024\/09\/catering-puhali-hea-elu-keskus-3-600x343.jpeg 600w, https:\/\/puhali.ee\/wp-content\/uploads\/2024\/09\/catering-puhali-hea-elu-keskus-3-550x314.jpeg 550w, https:\/\/puhali.ee\/wp-content\/uploads\/2024\/09\/catering-puhali-hea-elu-keskus-3-370x211.jpeg 370w, https:\/\/puhali.ee\/wp-content\/uploads\/2024\/09\/catering-puhali-hea-elu-keskus-3-255x146.jpeg 255w, https:\/\/puhali.ee\/wp-content\/uploads\/2024\/09\/catering-puhali-hea-elu-keskus-3-150x86.jpeg 150w, https:\/\/puhali.ee\/wp-content\/uploads\/2024\/09\/catering-puhali-hea-elu-keskus-3.jpeg 1000w\" sizes=\"(max-width: 780px) 100vw, 780px\" \/><\/a>                    <\/div>                    <div class=\"cs-gallery-item\">                            <a href=\"https:\/\/puhali.ee\/wp-content\/uploads\/2024\/09\/catering-puhali-hea-elu-keskus-2.jpeg\" data-elementor-open-lightbox=\"yes\" data-elementor-lightbox-slideshow=\"5553078\" data-elementor-lightbox-title=\"catering-pu\u0308hali-hea-elu-keskus-2\" data-e-action-hash=\"#elementor-action%3Aaction%3Dlightbox%26settings%3DeyJpZCI6NjcxNiwidXJsIjoiaHR0cHM6XC9cL3B1aGFsaS5lZVwvd3AtY29udGVudFwvdXBsb2Fkc1wvMjAyNFwvMDlcL2NhdGVyaW5nLXB1aGFsaS1oZWEtZWx1LWtlc2t1cy0yLmpwZWciLCJzbGlkZXNob3ciOiI1NTUzMDc4In0%3D\"><img decoding=\"async\" width=\"780\" height=\"445\" src=\"https:\/\/puhali.ee\/wp-content\/uploads\/2024\/09\/catering-puhali-hea-elu-keskus-2-780x445.jpeg\" class=\"attachment-cozystay_780x9999 size-cozystay_780x9999 wp-image-6716\" alt=\"catering-pu\u0308hali-hea-elu-keskus-2\" srcset=\"https:\/\/puhali.ee\/wp-content\/uploads\/2024\/09\/catering-puhali-hea-elu-keskus-2-780x445.jpeg 780w, https:\/\/puhali.ee\/wp-content\/uploads\/2024\/09\/catering-puhali-hea-elu-keskus-2-300x171.jpeg 300w, https:\/\/puhali.ee\/wp-content\/uploads\/2024\/09\/catering-puhali-hea-elu-keskus-2-768x439.jpeg 768w, https:\/\/puhali.ee\/wp-content\/uploads\/2024\/09\/catering-puhali-hea-elu-keskus-2-600x343.jpeg 600w, https:\/\/puhali.ee\/wp-content\/uploads\/2024\/09\/catering-puhali-hea-elu-keskus-2-550x314.jpeg 550w, https:\/\/puhali.ee\/wp-content\/uploads\/2024\/09\/catering-puhali-hea-elu-keskus-2-370x211.jpeg 370w, https:\/\/puhali.ee\/wp-content\/uploads\/2024\/09\/catering-puhali-hea-elu-keskus-2-255x146.jpeg 255w, https:\/\/puhali.ee\/wp-content\/uploads\/2024\/09\/catering-puhali-hea-elu-keskus-2-150x86.jpeg 150w, https:\/\/puhali.ee\/wp-content\/uploads\/2024\/09\/catering-puhali-hea-elu-keskus-2.jpeg 1000w\" sizes=\"(max-width: 780px) 100vw, 780px\" \/><\/a>                    <\/div>                    <div class=\"cs-gallery-item\">                            <a href=\"https:\/\/puhali.ee\/wp-content\/uploads\/2024\/09\/catering-puhali-hea-elu-keskus-1.jpeg\" data-elementor-open-lightbox=\"yes\" data-elementor-lightbox-slideshow=\"5553078\" data-elementor-lightbox-title=\"catering-pu\u0308hali-hea-elu-keskus-1\" data-e-action-hash=\"#elementor-action%3Aaction%3Dlightbox%26settings%3DeyJpZCI6NjcxNCwidXJsIjoiaHR0cHM6XC9cL3B1aGFsaS5lZVwvd3AtY29udGVudFwvdXBsb2Fkc1wvMjAyNFwvMDlcL2NhdGVyaW5nLXB1aGFsaS1oZWEtZWx1LWtlc2t1cy0xLmpwZWciLCJzbGlkZXNob3ciOiI1NTUzMDc4In0%3D\"><img decoding=\"async\" width=\"780\" height=\"445\" src=\"https:\/\/puhali.ee\/wp-content\/uploads\/2024\/09\/catering-puhali-hea-elu-keskus-1-780x445.jpeg\" class=\"attachment-cozystay_780x9999 size-cozystay_780x9999 wp-image-6714\" alt=\"catering-pu\u0308hali-hea-elu-keskus-1\" srcset=\"https:\/\/puhali.ee\/wp-content\/uploads\/2024\/09\/catering-puhali-hea-elu-keskus-1-780x445.jpeg 780w, https:\/\/puhali.ee\/wp-content\/uploads\/2024\/09\/catering-puhali-hea-elu-keskus-1-300x171.jpeg 300w, https:\/\/puhali.ee\/wp-content\/uploads\/2024\/09\/catering-puhali-hea-elu-keskus-1-768x439.jpeg 768w, https:\/\/puhali.ee\/wp-content\/uploads\/2024\/09\/catering-puhali-hea-elu-keskus-1-600x343.jpeg 600w, https:\/\/puhali.ee\/wp-content\/uploads\/2024\/09\/catering-puhali-hea-elu-keskus-1-550x314.jpeg 550w, https:\/\/puhali.ee\/wp-content\/uploads\/2024\/09\/catering-puhali-hea-elu-keskus-1-370x211.jpeg 370w, https:\/\/puhali.ee\/wp-content\/uploads\/2024\/09\/catering-puhali-hea-elu-keskus-1-255x146.jpeg 255w, https:\/\/puhali.ee\/wp-content\/uploads\/2024\/09\/catering-puhali-hea-elu-keskus-1-150x86.jpeg 150w, https:\/\/puhali.ee\/wp-content\/uploads\/2024\/09\/catering-puhali-hea-elu-keskus-1.jpeg 1000w\" sizes=\"(max-width: 780px) 100vw, 780px\" \/><\/a>                    <\/div>                <\/div>\n            <\/div>\t\t\t\t<\/div>\n\t\t\t\t<\/div>\n\t\t\t\t\t<\/div>\n\t\t<\/div>\n\t\t\t\t\t<\/div>\n\t\t<\/section>\n\t\t\t\t<\/div>\n\t\t","protected":false},"excerpt":{"rendered":"<p>P\u00fchali Catering P\u00fchali catering Looking for a professional, high quality and reliable catering service? P\u00fchali Catering is P\u00fchali Good Life Centre&#8217;s own catering service, with the on-site ability to create the best result for your event. We also work with Sedrik Catering and Jahh Catering. Ask for a quote for your event: catering@puhali.ee Contact Telephone: &#8230;<\/p>\n","protected":false},"author":2,"featured_media":0,"parent":0,"menu_order":0,"comment_status":"closed","ping_status":"closed","template":"template-wide-content.php","meta":{"cozystay_single_page_hide_site_header":"","cozystay_single_page_site_header_source":"","cozystay_single_page_custom_site_header":"","cozystay_single_page_custom_sticky_site_header":"","cozystay_single_page_hide_page_title":"on","cozystay_single_page_header_section_size":"","cozystay_single_page_header_background_color":"","cozystay_single_page_header_background_position_x":"center","cozystay_single_page_header_background_position_y":"center","cozystay_single_page_header_background_size":"cover","cozystay_single_page_header_background_repeat":"off","cozystay_single_page_header_background_scroll":"on","cozystay_single_page_header_text_color":"","cozystay_single_page_header_show_breadcrumb":"","cozystay_single_page_site_footer_hide_main":"","cozystay_single_custom_site_footer_main_source":"","cozystay_single_custom_site_footer_main":"","cozystay_single_page_site_footer_hide_above":"","cozystay_single_custom_site_footer_above_source":"","cozystay_single_custom_site_footer_above":"","cozystay_single_page_site_footer_hide_instagram":"","cozystay_single_page_site_footer_hide_bottom":"","cozystay_single_custom_mobile_menu_source":"","cozystay_single_custom_mobile_menu":"","cozystay_single_custom_mobile_menu_animation":"","cozystay_single_custom_mobile_menu_width":"","cozystay_single_custom_mobile_menu_custom_width":375,"footnotes":""},"class_list":["post-7766","page","type-page","status-publish","hentry"],"yoast_head":"<!-- This site is optimized with the Yoast SEO Premium plugin v23.6 (Yoast SEO v27.5) - https:\/\/yoast.com\/product\/yoast-seo-premium-wordpress\/ -->\n<title>Catering - P&uuml;hali<\/title>\n<meta name=\"description\" content=\"P\u00fchali Catering is the P\u00fchali Good Life Centre&#039;s own caterer, with on-site facilities to create the best result for your event.\" \/>\n<meta name=\"robots\" content=\"index, follow, max-snippet:-1, max-image-preview:large, max-video-preview:-1\" \/>\n<link rel=\"canonical\" href=\"https:\/\/puhali.ee\/en\/catering\/\" \/>\n<meta property=\"og:locale\" content=\"en_US\" \/>\n<meta property=\"og:type\" content=\"article\" \/>\n<meta property=\"og:title\" content=\"Catering\" \/>\n<meta property=\"og:description\" content=\"P\u00fchali Catering is the P\u00fchali Good Life Centre&#039;s own caterer, with on-site facilities to create the best result for your event.\" \/>\n<meta property=\"og:url\" content=\"https:\/\/puhali.ee\/en\/catering\/\" \/>\n<meta property=\"og:site_name\" content=\"P&uuml;hali\" \/>\n<meta property=\"article:publisher\" content=\"https:\/\/www.facebook.com\/puhali\" \/>\n<meta property=\"article:modified_time\" content=\"2024-11-04T15:20:39+00:00\" \/>\n<meta property=\"og:image\" content=\"https:\/\/puhali.ee\/wp-content\/uploads\/2024\/09\/catering-puhali-hea-elu-keskus-3.jpeg\" \/>\n\t<meta property=\"og:image:width\" content=\"1000\" \/>\n\t<meta property=\"og:image:height\" content=\"571\" \/>\n\t<meta property=\"og:image:type\" content=\"image\/jpeg\" \/>\n<meta name=\"twitter:card\" content=\"summary_large_image\" \/>\n<meta name=\"twitter:label1\" content=\"Est. reading time\" \/>\n\t<meta name=\"twitter:data1\" content=\"1 minute\" \/>\n<script type=\"application\/ld+json\" class=\"yoast-schema-graph\">{\"@context\":\"https:\\\/\\\/schema.org\",\"@graph\":[{\"@type\":\"WebPage\",\"@id\":\"https:\\\/\\\/puhali.ee\\\/en\\\/catering\\\/\",\"url\":\"https:\\\/\\\/puhali.ee\\\/en\\\/catering\\\/\",\"name\":\"Catering - P&uuml;hali\",\"isPartOf\":{\"@id\":\"https:\\\/\\\/puhali.ee\\\/en\\\/#website\"},\"primaryImageOfPage\":{\"@id\":\"https:\\\/\\\/puhali.ee\\\/en\\\/catering\\\/#primaryimage\"},\"image\":{\"@id\":\"https:\\\/\\\/puhali.ee\\\/en\\\/catering\\\/#primaryimage\"},\"thumbnailUrl\":\"https:\\\/\\\/puhali.ee\\\/wp-content\\\/uploads\\\/2024\\\/09\\\/catering-puhali-hea-elu-keskus-3-780x445.jpeg\",\"datePublished\":\"2024-06-17T09:37:21+00:00\",\"dateModified\":\"2024-11-04T15:20:39+00:00\",\"description\":\"P\u00fchali Catering is the P\u00fchali Good Life Centre's own caterer, with on-site facilities to create the best result for your event.\",\"breadcrumb\":{\"@id\":\"https:\\\/\\\/puhali.ee\\\/en\\\/catering\\\/#breadcrumb\"},\"inLanguage\":\"en-US\",\"potentialAction\":[{\"@type\":\"ReadAction\",\"target\":[\"https:\\\/\\\/puhali.ee\\\/en\\\/catering\\\/\"]}]},{\"@type\":\"ImageObject\",\"inLanguage\":\"en-US\",\"@id\":\"https:\\\/\\\/puhali.ee\\\/en\\\/catering\\\/#primaryimage\",\"url\":\"https:\\\/\\\/puhali.ee\\\/wp-content\\\/uploads\\\/2024\\\/09\\\/catering-puhali-hea-elu-keskus-3-780x445.jpeg\",\"contentUrl\":\"https:\\\/\\\/puhali.ee\\\/wp-content\\\/uploads\\\/2024\\\/09\\\/catering-puhali-hea-elu-keskus-3-780x445.jpeg\"},{\"@type\":\"BreadcrumbList\",\"@id\":\"https:\\\/\\\/puhali.ee\\\/en\\\/catering\\\/#breadcrumb\",\"itemListElement\":[{\"@type\":\"ListItem\",\"position\":1,\"name\":\"Home\",\"item\":\"https:\\\/\\\/puhali.ee\\\/en\\\/\"},{\"@type\":\"ListItem\",\"position\":2,\"name\":\"Catering\"}]},{\"@type\":\"WebSite\",\"@id\":\"https:\\\/\\\/puhali.ee\\\/en\\\/#website\",\"url\":\"https:\\\/\\\/puhali.ee\\\/en\\\/\",\"name\":\"P\u00fchali\",\"description\":\"Hea Elu keskus\",\"publisher\":{\"@id\":\"https:\\\/\\\/puhali.ee\\\/en\\\/#organization\"},\"potentialAction\":[{\"@type\":\"SearchAction\",\"target\":{\"@type\":\"EntryPoint\",\"urlTemplate\":\"https:\\\/\\\/puhali.ee\\\/en\\\/?s={search_term_string}\"},\"query-input\":{\"@type\":\"PropertyValueSpecification\",\"valueRequired\":true,\"valueName\":\"search_term_string\"}}],\"inLanguage\":\"en-US\"},{\"@type\":\"Organization\",\"@id\":\"https:\\\/\\\/puhali.ee\\\/en\\\/#organization\",\"name\":\"P\u00fchali\",\"url\":\"https:\\\/\\\/puhali.ee\\\/en\\\/\",\"logo\":{\"@type\":\"ImageObject\",\"inLanguage\":\"en-US\",\"@id\":\"https:\\\/\\\/puhali.ee\\\/en\\\/#\\\/schema\\\/logo\\\/image\\\/\",\"url\":\"https:\\\/\\\/puhali.ee\\\/wp-content\\\/uploads\\\/2024\\\/07\\\/Puhali-logo.png\",\"contentUrl\":\"https:\\\/\\\/puhali.ee\\\/wp-content\\\/uploads\\\/2024\\\/07\\\/Puhali-logo.png\",\"width\":373,\"height\":405,\"caption\":\"P\u00fchali\"},\"image\":{\"@id\":\"https:\\\/\\\/puhali.ee\\\/en\\\/#\\\/schema\\\/logo\\\/image\\\/\"},\"sameAs\":[\"https:\\\/\\\/www.facebook.com\\\/puhali\"]}]}<\/script>\n<!-- \/ Yoast SEO Premium plugin. -->","yoast_head_json":{"title":"Catering - P&uuml;hali","description":"P\u00fchali Catering is the P\u00fchali Good Life Centre's own caterer, with on-site facilities to create the best result for your event.","robots":{"index":"index","follow":"follow","max-snippet":"max-snippet:-1","max-image-preview":"max-image-preview:large","max-video-preview":"max-video-preview:-1"},"canonical":"https:\/\/puhali.ee\/en\/catering\/","og_locale":"en_US","og_type":"article","og_title":"Catering","og_description":"P\u00fchali Catering is the P\u00fchali Good Life Centre's own caterer, with on-site facilities to create the best result for your event.","og_url":"https:\/\/puhali.ee\/en\/catering\/","og_site_name":"P&uuml;hali","article_publisher":"https:\/\/www.facebook.com\/puhali","article_modified_time":"2024-11-04T15:20:39+00:00","og_image":[{"width":1000,"height":571,"url":"https:\/\/puhali.ee\/wp-content\/uploads\/2024\/09\/catering-puhali-hea-elu-keskus-3.jpeg","type":"image\/jpeg"}],"twitter_card":"summary_large_image","twitter_misc":{"Est. reading time":"1 minute"},"schema":{"@context":"https:\/\/schema.org","@graph":[{"@type":"WebPage","@id":"https:\/\/puhali.ee\/en\/catering\/","url":"https:\/\/puhali.ee\/en\/catering\/","name":"Catering - P&uuml;hali","isPartOf":{"@id":"https:\/\/puhali.ee\/en\/#website"},"primaryImageOfPage":{"@id":"https:\/\/puhali.ee\/en\/catering\/#primaryimage"},"image":{"@id":"https:\/\/puhali.ee\/en\/catering\/#primaryimage"},"thumbnailUrl":"https:\/\/puhali.ee\/wp-content\/uploads\/2024\/09\/catering-puhali-hea-elu-keskus-3-780x445.jpeg","datePublished":"2024-06-17T09:37:21+00:00","dateModified":"2024-11-04T15:20:39+00:00","description":"P\u00fchali Catering is the P\u00fchali Good Life Centre's own caterer, with on-site facilities to create the best result for your event.","breadcrumb":{"@id":"https:\/\/puhali.ee\/en\/catering\/#breadcrumb"},"inLanguage":"en-US","potentialAction":[{"@type":"ReadAction","target":["https:\/\/puhali.ee\/en\/catering\/"]}]},{"@type":"ImageObject","inLanguage":"en-US","@id":"https:\/\/puhali.ee\/en\/catering\/#primaryimage","url":"https:\/\/puhali.ee\/wp-content\/uploads\/2024\/09\/catering-puhali-hea-elu-keskus-3-780x445.jpeg","contentUrl":"https:\/\/puhali.ee\/wp-content\/uploads\/2024\/09\/catering-puhali-hea-elu-keskus-3-780x445.jpeg"},{"@type":"BreadcrumbList","@id":"https:\/\/puhali.ee\/en\/catering\/#breadcrumb","itemListElement":[{"@type":"ListItem","position":1,"name":"Home","item":"https:\/\/puhali.ee\/en\/"},{"@type":"ListItem","position":2,"name":"Catering"}]},{"@type":"WebSite","@id":"https:\/\/puhali.ee\/en\/#website","url":"https:\/\/puhali.ee\/en\/","name":"P\u00fchali","description":"Hea Elu keskus","publisher":{"@id":"https:\/\/puhali.ee\/en\/#organization"},"potentialAction":[{"@type":"SearchAction","target":{"@type":"EntryPoint","urlTemplate":"https:\/\/puhali.ee\/en\/?s={search_term_string}"},"query-input":{"@type":"PropertyValueSpecification","valueRequired":true,"valueName":"search_term_string"}}],"inLanguage":"en-US"},{"@type":"Organization","@id":"https:\/\/puhali.ee\/en\/#organization","name":"P\u00fchali","url":"https:\/\/puhali.ee\/en\/","logo":{"@type":"ImageObject","inLanguage":"en-US","@id":"https:\/\/puhali.ee\/en\/#\/schema\/logo\/image\/","url":"https:\/\/puhali.ee\/wp-content\/uploads\/2024\/07\/Puhali-logo.png","contentUrl":"https:\/\/puhali.ee\/wp-content\/uploads\/2024\/07\/Puhali-logo.png","width":373,"height":405,"caption":"P\u00fchali"},"image":{"@id":"https:\/\/puhali.ee\/en\/#\/schema\/logo\/image\/"},"sameAs":["https:\/\/www.facebook.com\/puhali"]}]}},"_links":{"self":[{"href":"https:\/\/puhali.ee\/en\/wp-json\/wp\/v2\/pages\/7766","targetHints":{"allow":["GET"]}}],"collection":[{"href":"https:\/\/puhali.ee\/en\/wp-json\/wp\/v2\/pages"}],"about":[{"href":"https:\/\/puhali.ee\/en\/wp-json\/wp\/v2\/types\/page"}],"author":[{"embeddable":true,"href":"https:\/\/puhali.ee\/en\/wp-json\/wp\/v2\/users\/2"}],"replies":[{"embeddable":true,"href":"https:\/\/puhali.ee\/en\/wp-json\/wp\/v2\/comments?post=7766"}],"version-history":[{"count":5,"href":"https:\/\/puhali.ee\/en\/wp-json\/wp\/v2\/pages\/7766\/revisions"}],"predecessor-version":[{"id":8183,"href":"https:\/\/puhali.ee\/en\/wp-json\/wp\/v2\/pages\/7766\/revisions\/8183"}],"wp:attachment":[{"href":"https:\/\/puhali.ee\/en\/wp-json\/wp\/v2\/media?parent=7766"}],"curies":[{"name":"wp","href":"https:\/\/api.w.org\/{rel}","templated":true}]}}